{"id":7393,"date":"2025-09-11T23:29:06","date_gmt":"2025-09-11T21:29:06","guid":{"rendered":"https:\/\/brinovalighting.com\/contact\/"},"modified":"2025-11-07T10:00:14","modified_gmt":"2025-11-07T09:00:14","slug":"contact","status":"publish","type":"page","link":"https:\/\/brinovalighting.com\/fr\/contact\/","title":{"rendered":"Contact"},"content":{"rendered":"\t\t<div data-elementor-type=\"wp-page\" data-elementor-id=\"7393\" class=\"elementor elementor-7393 elementor-1059\" data-elementor-post-type=\"page\">\n\t\t\t\t<div class=\"elementor-element elementor-element-4e60805 e-flex e-con-boxed e-con e-parent\" data-id=\"4e60805\" data-element_type=\"container\" data-settings=\"{&quot;background_background&quot;:&quot;classic&quot;}\">\n\t\t\t\t\t<div class=\"e-con-inner\">\n\t\t\t\t<div class=\"elementor-element elementor-element-448a504 elementor-widget elementor-widget-heading\" data-id=\"448a504\" data-element_type=\"widget\" data-widget_type=\"heading.default\">\n\t\t\t\t\t<h1 class=\"elementor-heading-title elementor-size-default\">Contact<\/h1>\t\t\t\t<\/div>\n\t\t\t\t<div class=\"elementor-element elementor-element-7615037 elementor-widget__width-initial elementor-widget elementor-widget-text-editor\" data-id=\"7615037\" data-element_type=\"widget\" data-widget_type=\"text-editor.default\">\n\t\t\t\t\t\t\t\t\t<p>Chaque projet commence par une conversation.<br data-start=\"408\" data-end=\"411\" data-is-only-node=\"\">Si notre \u00e9clairage vous int\u00e9resse ou si vous souhaitez discuter d\u2019une collaboration, <br>n\u2019h\u00e9sitez pas \u00e0 nous contacter.<\/p>\t\t\t\t\t\t\t\t<\/div>\n\t\t\t\t\t<\/div>\n\t\t\t\t<\/div>\n\t\t<div class=\"elementor-element elementor-element-66d2e03 e-flex e-con-boxed e-con e-parent\" data-id=\"66d2e03\" data-element_type=\"container\" data-settings=\"{&quot;background_background&quot;:&quot;classic&quot;}\">\n\t\t\t\t\t<div class=\"e-con-inner\">\n\t\t<div class=\"elementor-element elementor-element-3b34717 e-con-full e-flex e-con e-child\" data-id=\"3b34717\" data-element_type=\"container\">\n\t\t\t\t<div class=\"elementor-element elementor-element-37c1d39 elementor-widget elementor-widget-heading\" data-id=\"37c1d39\" data-element_type=\"widget\" data-widget_type=\"heading.default\">\n\t\t\t\t\t<h2 class=\"elementor-heading-title elementor-size-default\">Envoyez-nous un message<\/h2>\t\t\t\t<\/div>\n\t\t\t\t<div class=\"elementor-element elementor-element-1bfdd43 elementor-button-align-start elementor-widget elementor-widget-form\" data-id=\"1bfdd43\" data-element_type=\"widget\" data-settings=\"{&quot;step_next_label&quot;:&quot;Nast\\u0119pny&quot;,&quot;step_previous_label&quot;:&quot;Poprzedni&quot;,&quot;button_width&quot;:&quot;100&quot;,&quot;step_type&quot;:&quot;number_text&quot;,&quot;step_icon_shape&quot;:&quot;circle&quot;}\" data-widget_type=\"form.default\">\n\t\t\t\t\t\t\t<form class=\"elementor-form\" method=\"post\" name=\"Nowy formularz\" aria-label=\"Nowy formularz\">\n\t\t\t<input type=\"hidden\" name=\"post_id\" value=\"7393\"\/>\n\t\t\t<input type=\"hidden\" name=\"form_id\" value=\"1bfdd43\"\/>\n\t\t\t<input type=\"hidden\" name=\"referer_title\" value=\"Contact - Brinova\" \/>\n\n\t\t\t\t\t\t\t<input type=\"hidden\" name=\"queried_id\" value=\"7393\"\/>\n\t\t\t\n\t\t\t<div class=\"elementor-form-fields-wrapper elementor-labels-above\">\n\t\t\t\t\t\t\t\t<div class=\"elementor-field-type-text elementor-field-group elementor-column elementor-field-group-name elementor-col-100 elementor-field-required\">\n\t\t\t\t\t\t\t\t\t\t\t\t<label for=\"form-field-name\" class=\"elementor-field-label\">\n\t\t\t\t\t\t\t\tNom de l\u2019entreprise\t\t\t\t\t\t\t<\/label>\n\t\t\t\t\t\t\t\t\t\t\t\t\t\t<input size=\"1\" type=\"text\" name=\"form_fields[name]\" id=\"form-field-name\" class=\"elementor-field elementor-size-sm  elementor-field-textual\" placeholder=\"Entrez le nom de l\u2019entreprise\" required=\"required\">\n\t\t\t\t\t\t\t\t\t\t\t<\/div>\n\t\t\t\t\t\t\t\t<div class=\"elementor-field-type-text elementor-field-group elementor-column elementor-field-group-field_3aa617c elementor-col-50 elementor-field-required\">\n\t\t\t\t\t\t\t\t\t\t\t\t<label for=\"form-field-field_3aa617c\" class=\"elementor-field-label\">\n\t\t\t\t\t\t\t\tPr\u00e9nom\t\t\t\t\t\t\t<\/label>\n\t\t\t\t\t\t\t\t\t\t\t\t\t\t<input size=\"1\" type=\"text\" name=\"form_fields[field_3aa617c]\" id=\"form-field-field_3aa617c\" class=\"elementor-field elementor-size-sm  elementor-field-textual\" placeholder=\"Entrez votre pr\u00e9nom\" required=\"required\">\n\t\t\t\t\t\t\t\t\t\t\t<\/div>\n\t\t\t\t\t\t\t\t<div class=\"elementor-field-type-text elementor-field-group elementor-column elementor-field-group-field_457acce elementor-col-50 elementor-field-required\">\n\t\t\t\t\t\t\t\t\t\t\t\t<label for=\"form-field-field_457acce\" class=\"elementor-field-label\">\n\t\t\t\t\t\t\t\tNom\t\t\t\t\t\t\t<\/label>\n\t\t\t\t\t\t\t\t\t\t\t\t\t\t<input size=\"1\" type=\"text\" name=\"form_fields[field_457acce]\" id=\"form-field-field_457acce\" class=\"elementor-field elementor-size-sm  elementor-field-textual\" placeholder=\"Entrez votre nom\" required=\"required\">\n\t\t\t\t\t\t\t\t\t\t\t<\/div>\n\t\t\t\t\t\t\t\t<div class=\"elementor-field-type-email elementor-field-group elementor-column elementor-field-group-field_dd0c8ec elementor-col-100 elementor-field-required\">\n\t\t\t\t\t\t\t\t\t\t\t\t<label for=\"form-field-field_dd0c8ec\" class=\"elementor-field-label\">\n\t\t\t\t\t\t\t\tAdresse e-mail\t\t\t\t\t\t\t<\/label>\n\t\t\t\t\t\t\t\t\t\t\t\t\t\t<input size=\"1\" type=\"email\" name=\"form_fields[field_dd0c8ec]\" id=\"form-field-field_dd0c8ec\" class=\"elementor-field elementor-size-sm  elementor-field-textual\" placeholder=\"your.email@domain.com\" required=\"required\">\n\t\t\t\t\t\t\t\t\t\t\t<\/div>\n\t\t\t\t\t\t\t\t<div class=\"elementor-field-type-tel elementor-field-group elementor-column elementor-field-group-email elementor-col-100 elementor-field-required\">\n\t\t\t\t\t\t\t\t\t\t\t\t<label for=\"form-field-email\" class=\"elementor-field-label\">\n\t\t\t\t\t\t\t\tNum\u00e9ro de t\u00e9l\u00e9phone\t\t\t\t\t\t\t<\/label>\n\t\t\t\t\t\t\t\t<input size=\"1\" type=\"tel\" name=\"form_fields[email]\" id=\"form-field-email\" class=\"elementor-field elementor-size-sm  elementor-field-textual\" placeholder=\"+48 123 456 789\" required=\"required\" pattern=\"[0-9()#&amp;+*-=.]+\" title=\"Seuls les caract\u00e8res de num\u00e9ros de t\u00e9l\u00e9phone (#, -, *, etc.) sont accept\u00e9s.\">\n\n\t\t\t\t\t\t<\/div>\n\t\t\t\t\t\t\t\t<div class=\"elementor-field-type-select elementor-field-group elementor-column elementor-field-group-field_1ac0649 elementor-col-100 elementor-field-required\">\n\t\t\t\t\t\t\t\t\t\t\t\t<label for=\"form-field-field_1ac0649\" class=\"elementor-field-label\">\n\t\t\t\t\t\t\t\tType de client\t\t\t\t\t\t\t<\/label>\n\t\t\t\t\t\t\t\t<div class=\"elementor-field elementor-select-wrapper remove-before \">\n\t\t\t<div class=\"select-caret-down-wrapper\">\n\t\t\t\t<svg aria-hidden=\"true\" class=\"e-font-icon-svg e-eicon-caret-down\" viewBox=\"0 0 571.4 571.4\" xmlns=\"http:\/\/www.w3.org\/2000\/svg\"><path d=\"M571 393Q571 407 561 418L311 668Q300 679 286 679T261 668L11 418Q0 407 0 393T11 368 36 357H536Q550 357 561 368T571 393Z\"><\/path><\/svg>\t\t\t<\/div>\n\t\t\t<select name=\"form_fields[field_1ac0649]\" id=\"form-field-field_1ac0649\" class=\"elementor-field-textual elementor-size-sm\" required=\"required\">\n\t\t\t\t\t\t\t\t\t<option value=\"Distributeur\">Distributeur<\/option>\n\t\t\t\t\t\t\t\t\t<option value=\"Magasin\">Magasin<\/option>\n\t\t\t\t\t\t\t\t\t<option value=\"Architecte\">Architecte<\/option>\n\t\t\t\t\t\t\t\t\t<option value=\"Client individuel\">Client individuel<\/option>\n\t\t\t\t\t\t\t\t\t<option value=\"Autre\">Autre<\/option>\n\t\t\t\t\t\t\t<\/select>\n\t\t<\/div>\n\t\t\t\t\t\t<\/div>\n\t\t\t\t\t\t\t\t<div class=\"elementor-field-type-textarea elementor-field-group elementor-column elementor-field-group-message elementor-col-100\">\n\t\t\t\t\t\t\t\t\t\t\t\t<label for=\"form-field-message\" class=\"elementor-field-label\">\n\t\t\t\t\t\t\t\tMessage\t\t\t\t\t\t\t<\/label>\n\t\t\t\t\t\t<textarea class=\"elementor-field-textual elementor-field  elementor-size-sm\" name=\"form_fields[message]\" id=\"form-field-message\" rows=\"4\" placeholder=\"Parlez-nous de votre projet, de votre espace et de vos besoins en mati\u00e8re d\u2019\u00e9clairage...\"><\/textarea>\t\t\t\t<\/div>\n\t\t\t\t\t\t\t\t<div class=\"elementor-field-type-acceptance elementor-field-group elementor-column elementor-field-group-field_c5e471b elementor-col-100 elementor-field-required\">\n\t\t\t\t\t\t\t<div class=\"elementor-field-subgroup\">\n\t\t\t<span class=\"elementor-field-option\">\n\t\t\t\t<input type=\"checkbox\" name=\"form_fields[field_c5e471b]\" id=\"form-field-field_c5e471b\" class=\"elementor-field elementor-size-sm  elementor-acceptance-field\" required=\"required\">\n\t\t\t\t<label for=\"form-field-field_c5e471b\">J\u2019accepte le traitement de mes donn\u00e9es personnelles conform\u00e9ment \u00e0 la <a href=\"https:\/\/brinovalighting.com\/fr\/politique-de-confidentialite\/\" target=\"_blank\" rel=\"noopener noreferrer\" style=\"color: #2D2A28; \">Politique de confidentialit\u00e9<\/a>.\n<\/label>\t\t\t<\/span>\n\t\t<\/div>\n\t\t\t\t\t\t<\/div>\n\t\t\t\t\t\t\t\t<div class=\"elementor-field-group elementor-column elementor-field-type-submit elementor-col-100 e-form__buttons\">\n\t\t\t\t\t<button class=\"elementor-button elementor-size-sm\" type=\"submit\">\n\t\t\t\t\t\t<span class=\"elementor-button-content-wrapper\">\n\t\t\t\t\t\t\t\t\t\t\t\t\t\t\t\t\t\t\t\t\t\t<span class=\"elementor-button-text\">Envoyer le message<\/span>\n\t\t\t\t\t\t\t\t\t\t\t\t\t<\/span>\n\t\t\t\t\t<\/button>\n\t\t\t\t<\/div>\n\t\t\t<\/div>\n\t\t<\/form>\n\t\t\t\t\t\t<\/div>\n\t\t\t\t<\/div>\n\t\t<div class=\"elementor-element elementor-element-310766d e-con-full e-flex e-con e-child\" data-id=\"310766d\" data-element_type=\"container\">\n\t\t\t\t<div class=\"elementor-element elementor-element-9c10e4b elementor-position-inline-start elementor-view-default elementor-mobile-position-block-start elementor-widget elementor-widget-icon-box\" data-id=\"9c10e4b\" data-element_type=\"widget\" data-widget_type=\"icon-box.default\">\n\t\t\t\t\t\t\t<div class=\"elementor-icon-box-wrapper\">\n\n\t\t\t\t\t\t<div class=\"elementor-icon-box-icon\">\n\t\t\t\t<span  class=\"elementor-icon\">\n\t\t\t\t<svg xmlns=\"http:\/\/www.w3.org\/2000\/svg\" id=\"Warstwa_1\" viewBox=\"0 0 500 500\"><path d=\"M426.7,411.5H73.3c-25.3,0-45.9-20.6-45.9-45.9v-231.2c0-25.3,20.6-45.9,45.9-45.9h353.4c25.3,0,45.9,20.6,45.9,45.9v231.2c0,25.3-20.6,45.9-45.9,45.9ZM73.3,127.4c-3.9,0-7,3.1-7,7v231.2c0,3.8,3.1,7,7,7h353.4c3.8,0,7-3.1,7-7v-231.2c0-3.8-3.1-7-7-7H73.3Z\"><\/path><path d=\"M426.7,401.7H73.3c-14.9,0-28.4-9.4-33.8-23.3-1.4-3.8-.4-8.1,2.6-10.7l137.9-123c4-3.6,10.2-3.2,13.7.8,3.6,4,3.2,10.2-.8,13.7l-132,117.7c3.1,3.4,7.5,5.4,12.2,5.4h353.4c4.7,0,9.1-2,12.2-5.4l-133.5-119.1c-4-3.6-4.4-9.7-.8-13.7,3.6-4,9.7-4.4,13.7-.8l139.5,124.4c3,2.7,4,6.9,2.6,10.7-5.3,14-18.8,23.4-33.7,23.4Z\"><\/path><path d=\"M250,314.3c-2.3,0-4.6-.8-6.5-2.5L42.2,132.3c-3-2.7-4.1-7-2.6-10.7,5.3-13.9,18.9-23.3,33.8-23.3h353.4c14.9,0,28.4,9.4,33.7,23.4,1.4,3.8.4,8-2.6,10.7l-201.3,179.5c-1.9,1.7-4.2,2.5-6.5,2.5ZM61.1,123.1l188.9,168.4,188.9-168.4c-3.1-3.4-7.5-5.4-12.2-5.4H73.3c-4.8,0-9.2,2-12.2,5.4Z\"><\/path><\/svg>\t\t\t\t<\/span>\n\t\t\t<\/div>\n\t\t\t\n\t\t\t\t\t\t<div class=\"elementor-icon-box-content\">\n\n\t\t\t\t\t\t\t\t\t<h3 class=\"elementor-icon-box-title\">\n\t\t\t\t\t\t<span  >\n\t\t\t\t\t\t\tAdresse e-mail\t\t\t\t\t\t<\/span>\n\t\t\t\t\t<\/h3>\n\t\t\t\t\n\t\t\t\t\t\t\t\t\t<p class=\"elementor-icon-box-description\">\n\t\t\t\t\t\tbrinova@brinovalighting.com\t\t\t\t\t<\/p>\n\t\t\t\t\n\t\t\t<\/div>\n\t\t\t\n\t\t<\/div>\n\t\t\t\t\t\t<\/div>\n\t\t\t\t<div class=\"elementor-element elementor-element-df26ef7 elementor-position-inline-start elementor-view-default elementor-mobile-position-block-start elementor-widget elementor-widget-icon-box\" data-id=\"df26ef7\" data-element_type=\"widget\" data-widget_type=\"icon-box.default\">\n\t\t\t\t\t\t\t<div class=\"elementor-icon-box-wrapper\">\n\n\t\t\t\t\t\t<div class=\"elementor-icon-box-icon\">\n\t\t\t\t<span  class=\"elementor-icon\">\n\t\t\t\t<svg xmlns=\"http:\/\/www.w3.org\/2000\/svg\" id=\"Warstwa_1\" viewBox=\"0 0 500 500\"><path d=\"M250,497.8c-4.7,0-9.4-1.6-13.3-4.9-20.1-17.1-196.3-170.5-196.3-281.2S134.5,2.2,250,2.2s209.5,94,209.5,209.5-176.2,264.1-196.3,281.2c-3.8,3.3-8.5,4.9-13.3,4.9ZM250,43.1c-93,0-168.6,75.6-168.6,168.6s111.6,187,168.6,238.5c57.1-51.4,168.6-166.7,168.6-238.5S343,43.1,250,43.1Z\"><\/path><path d=\"M250,313.9c-56.3,0-102.2-45.8-102.2-102.2s45.8-102.2,102.2-102.2,102.2,45.8,102.2,102.2-45.8,102.2-102.2,102.2ZM250,150.4c-33.8,0-61.3,27.5-61.3,61.3s27.5,61.3,61.3,61.3,61.3-27.5,61.3-61.3-27.5-61.3-61.3-61.3Z\"><\/path><\/svg>\t\t\t\t<\/span>\n\t\t\t<\/div>\n\t\t\t\n\t\t\t\t\t\t<div class=\"elementor-icon-box-content\">\n\n\t\t\t\t\t\t\t\t\t<h3 class=\"elementor-icon-box-title\">\n\t\t\t\t\t\t<span  >\n\t\t\t\t\t\t\tBureau\t\t\t\t\t\t<\/span>\n\t\t\t\t\t<\/h3>\n\t\t\t\t\n\t\t\t\t\t\t\t\t\t<p class=\"elementor-icon-box-description\">\n\t\t\t\t\t\tPologne, 47-240 Bierawa, ul.Nowe Osiedle 13D\t\t\t\t\t<\/p>\n\t\t\t\t\n\t\t\t<\/div>\n\t\t\t\n\t\t<\/div>\n\t\t\t\t\t\t<\/div>\n\t\t\t\t<\/div>\n\t\t\t\t\t<\/div>\n\t\t\t\t<\/div>\n\t\t\t\t<\/div>\n\t\t","protected":false},"excerpt":{"rendered":"<p>Contact Chaque projet commence par une conversation.Si notre \u00e9clairage vous int\u00e9resse ou si vous souhaitez discuter d\u2019une collaboration, n\u2019h\u00e9sitez pas \u00e0 nous contacter. Envoyez-nous un message Adresse e-mail brinova@brinovalighting.com Bureau Pologne, 47-240 Bierawa, ul.Nowe Osiedle 13D<\/p>\n","protected":false},"author":1,"featured_media":0,"parent":0,"menu_order":0,"comment_status":"closed","ping_status":"closed","template":"","meta":{"footnotes":""},"class_list":["post-7393","page","type-page","status-publish","hentry"],"yoast_head":"<!-- This site is optimized with the Yoast SEO plugin v26.7 - https:\/\/yoast.com\/wordpress\/plugins\/seo\/ -->\n<title>Contact - Brinova<\/title>\n<meta name=\"description\" content=\"Every project starts with a conversation. If you\u2019re interested in our lighting or would like to discuss a collaboration, feel free to contact us.\" \/>\n<meta name=\"robots\" content=\"index, follow, max-snippet:-1, max-image-preview:large, max-video-preview:-1\" \/>\n<link rel=\"canonical\" href=\"https:\/\/brinovalighting.com\/fr\/contact\/\" \/>\n<meta property=\"og:locale\" content=\"fr_FR\" \/>\n<meta property=\"og:type\" content=\"article\" \/>\n<meta property=\"og:title\" content=\"Contact - Brinova\" \/>\n<meta property=\"og:description\" content=\"Every project starts with a conversation. If you\u2019re interested in our lighting or would like to discuss a collaboration, feel free to contact us.\" \/>\n<meta property=\"og:url\" content=\"https:\/\/brinovalighting.com\/fr\/contact\/\" \/>\n<meta property=\"og:site_name\" content=\"Brinova\" \/>\n<meta property=\"article:modified_time\" content=\"2025-11-07T09:00:14+00:00\" \/>\n<meta name=\"twitter:card\" content=\"summary_large_image\" \/>\n<meta name=\"twitter:label1\" content=\"Dur\u00e9e de lecture estim\u00e9e\" \/>\n\t<meta name=\"twitter:data1\" content=\"1 minute\" \/>\n<script type=\"application\/ld+json\" class=\"yoast-schema-graph\">{\"@context\":\"https:\/\/schema.org\",\"@graph\":[{\"@type\":\"WebPage\",\"@id\":\"https:\/\/brinovalighting.com\/fr\/contact\/\",\"url\":\"https:\/\/brinovalighting.com\/fr\/contact\/\",\"name\":\"Contact - Brinova\",\"isPartOf\":{\"@id\":\"https:\/\/brinovalighting.com\/fr\/#website\"},\"datePublished\":\"2025-09-11T21:29:06+00:00\",\"dateModified\":\"2025-11-07T09:00:14+00:00\",\"description\":\"Every project starts with a conversation. If you\u2019re interested in our lighting or would like to discuss a collaboration, feel free to contact us.\",\"breadcrumb\":{\"@id\":\"https:\/\/brinovalighting.com\/fr\/contact\/#breadcrumb\"},\"inLanguage\":\"fr-FR\",\"potentialAction\":[{\"@type\":\"ReadAction\",\"target\":[\"https:\/\/brinovalighting.com\/fr\/contact\/\"]}]},{\"@type\":\"BreadcrumbList\",\"@id\":\"https:\/\/brinovalighting.com\/fr\/contact\/#breadcrumb\",\"itemListElement\":[{\"@type\":\"ListItem\",\"position\":1,\"name\":\"Strona g\u0142\u00f3wna\",\"item\":\"https:\/\/brinovalighting.com\/fr\/\"},{\"@type\":\"ListItem\",\"position\":2,\"name\":\"Contact\"}]},{\"@type\":\"WebSite\",\"@id\":\"https:\/\/brinovalighting.com\/fr\/#website\",\"url\":\"https:\/\/brinovalighting.com\/fr\/\",\"name\":\"Brinova\",\"description\":\"Polska marka o\u015bwietlenia premium\",\"publisher\":{\"@id\":\"https:\/\/brinovalighting.com\/fr\/#organization\"},\"potentialAction\":[{\"@type\":\"SearchAction\",\"target\":{\"@type\":\"EntryPoint\",\"urlTemplate\":\"https:\/\/brinovalighting.com\/fr\/?s={search_term_string}\"},\"query-input\":{\"@type\":\"PropertyValueSpecification\",\"valueRequired\":true,\"valueName\":\"search_term_string\"}}],\"inLanguage\":\"fr-FR\"},{\"@type\":\"Organization\",\"@id\":\"https:\/\/brinovalighting.com\/fr\/#organization\",\"name\":\"Brinova\",\"url\":\"https:\/\/brinovalighting.com\/fr\/\",\"logo\":{\"@type\":\"ImageObject\",\"inLanguage\":\"fr-FR\",\"@id\":\"https:\/\/brinovalighting.com\/fr\/#\/schema\/logo\/image\/\",\"url\":\"https:\/\/brinovalighting.com\/wp-content\/uploads\/2025\/09\/BRINOVA_LOGO_2025-scaled.png\",\"contentUrl\":\"https:\/\/brinovalighting.com\/wp-content\/uploads\/2025\/09\/BRINOVA_LOGO_2025-scaled.png\",\"width\":2560,\"height\":544,\"caption\":\"Brinova\"},\"image\":{\"@id\":\"https:\/\/brinovalighting.com\/fr\/#\/schema\/logo\/image\/\"}}]}<\/script>\n<!-- \/ Yoast SEO plugin. -->","yoast_head_json":{"title":"Contact - Brinova","description":"Every project starts with a conversation. If you\u2019re interested in our lighting or would like to discuss a collaboration, feel free to contact us.","robots":{"index":"index","follow":"follow","max-snippet":"max-snippet:-1","max-image-preview":"max-image-preview:large","max-video-preview":"max-video-preview:-1"},"canonical":"https:\/\/brinovalighting.com\/fr\/contact\/","og_locale":"fr_FR","og_type":"article","og_title":"Contact - Brinova","og_description":"Every project starts with a conversation. If you\u2019re interested in our lighting or would like to discuss a collaboration, feel free to contact us.","og_url":"https:\/\/brinovalighting.com\/fr\/contact\/","og_site_name":"Brinova","article_modified_time":"2025-11-07T09:00:14+00:00","twitter_card":"summary_large_image","twitter_misc":{"Dur\u00e9e de lecture estim\u00e9e":"1 minute"},"schema":{"@context":"https:\/\/schema.org","@graph":[{"@type":"WebPage","@id":"https:\/\/brinovalighting.com\/fr\/contact\/","url":"https:\/\/brinovalighting.com\/fr\/contact\/","name":"Contact - Brinova","isPartOf":{"@id":"https:\/\/brinovalighting.com\/fr\/#website"},"datePublished":"2025-09-11T21:29:06+00:00","dateModified":"2025-11-07T09:00:14+00:00","description":"Every project starts with a conversation. If you\u2019re interested in our lighting or would like to discuss a collaboration, feel free to contact us.","breadcrumb":{"@id":"https:\/\/brinovalighting.com\/fr\/contact\/#breadcrumb"},"inLanguage":"fr-FR","potentialAction":[{"@type":"ReadAction","target":["https:\/\/brinovalighting.com\/fr\/contact\/"]}]},{"@type":"BreadcrumbList","@id":"https:\/\/brinovalighting.com\/fr\/contact\/#breadcrumb","itemListElement":[{"@type":"ListItem","position":1,"name":"Strona g\u0142\u00f3wna","item":"https:\/\/brinovalighting.com\/fr\/"},{"@type":"ListItem","position":2,"name":"Contact"}]},{"@type":"WebSite","@id":"https:\/\/brinovalighting.com\/fr\/#website","url":"https:\/\/brinovalighting.com\/fr\/","name":"Brinova","description":"Polska marka o\u015bwietlenia premium","publisher":{"@id":"https:\/\/brinovalighting.com\/fr\/#organization"},"potentialAction":[{"@type":"SearchAction","target":{"@type":"EntryPoint","urlTemplate":"https:\/\/brinovalighting.com\/fr\/?s={search_term_string}"},"query-input":{"@type":"PropertyValueSpecification","valueRequired":true,"valueName":"search_term_string"}}],"inLanguage":"fr-FR"},{"@type":"Organization","@id":"https:\/\/brinovalighting.com\/fr\/#organization","name":"Brinova","url":"https:\/\/brinovalighting.com\/fr\/","logo":{"@type":"ImageObject","inLanguage":"fr-FR","@id":"https:\/\/brinovalighting.com\/fr\/#\/schema\/logo\/image\/","url":"https:\/\/brinovalighting.com\/wp-content\/uploads\/2025\/09\/BRINOVA_LOGO_2025-scaled.png","contentUrl":"https:\/\/brinovalighting.com\/wp-content\/uploads\/2025\/09\/BRINOVA_LOGO_2025-scaled.png","width":2560,"height":544,"caption":"Brinova"},"image":{"@id":"https:\/\/brinovalighting.com\/fr\/#\/schema\/logo\/image\/"}}]}},"_links":{"self":[{"href":"https:\/\/brinovalighting.com\/fr\/wp-json\/wp\/v2\/pages\/7393","targetHints":{"allow":["GET"]}}],"collection":[{"href":"https:\/\/brinovalighting.com\/fr\/wp-json\/wp\/v2\/pages"}],"about":[{"href":"https:\/\/brinovalighting.com\/fr\/wp-json\/wp\/v2\/types\/page"}],"author":[{"embeddable":true,"href":"https:\/\/brinovalighting.com\/fr\/wp-json\/wp\/v2\/users\/1"}],"replies":[{"embeddable":true,"href":"https:\/\/brinovalighting.com\/fr\/wp-json\/wp\/v2\/comments?post=7393"}],"version-history":[{"count":16,"href":"https:\/\/brinovalighting.com\/fr\/wp-json\/wp\/v2\/pages\/7393\/revisions"}],"predecessor-version":[{"id":8080,"href":"https:\/\/brinovalighting.com\/fr\/wp-json\/wp\/v2\/pages\/7393\/revisions\/8080"}],"wp:attachment":[{"href":"https:\/\/brinovalighting.com\/fr\/wp-json\/wp\/v2\/media?parent=7393"}],"curies":[{"name":"wp","href":"https:\/\/api.w.org\/{rel}","templated":true}]}}