{"id":3425,"date":"2025-09-16T13:36:27","date_gmt":"2025-09-16T11:36:27","guid":{"rendered":"https:\/\/brinova.ma-creative.pl\/polityka-prywatnosci\/"},"modified":"2025-09-30T13:42:12","modified_gmt":"2025-09-30T11:42:12","slug":"privacy-policy","status":"publish","type":"page","link":"https:\/\/brinovalighting.com\/en\/privacy-policy\/","title":{"rendered":"Privacy Policy"},"content":{"rendered":"\t\t<div data-elementor-type=\"wp-page\" data-elementor-id=\"3425\" class=\"elementor elementor-3425 elementor-1529\" data-elementor-post-type=\"page\">\n\t\t\t\t<div class=\"elementor-element elementor-element-337b533 e-flex e-con-boxed e-con e-parent\" data-id=\"337b533\" data-element_type=\"container\">\n\t\t\t\t\t<div class=\"e-con-inner\">\n\t\t\t\t<div class=\"elementor-element elementor-element-5708b09 elementor-widget elementor-widget-heading\" data-id=\"5708b09\" data-element_type=\"widget\" data-widget_type=\"heading.default\">\n\t\t\t\t\t<h1 class=\"elementor-heading-title elementor-size-default\">PRIVACY POLICY OF THE WEBSITE<\/h1>\t\t\t\t<\/div>\n\t\t\t\t<div class=\"elementor-element elementor-element-77217c2 elementor-widget elementor-widget-heading\" data-id=\"77217c2\" data-element_type=\"widget\" data-widget_type=\"heading.default\">\n\t\t\t\t\t<h2 class=\"elementor-heading-title elementor-size-default\">www.brinovalighting.com<\/h2>\t\t\t\t<\/div>\n\t\t\t\t<div class=\"elementor-element elementor-element-0b9c4e5 elementor-widget elementor-widget-text-editor\" data-id=\"0b9c4e5\" data-element_type=\"widget\" data-widget_type=\"text-editor.default\">\n\t\t\t\t\t\t\t\t\t<p class=\"p1\" style=\"text-align: center;\"><b>\u00a7 1 <br \/><\/b><strong>GENERAL PROVISIONS<\/strong><\/p><ol class=\"ol1\"><li class=\"li3\">The administrator of personal data collected via the website www.brinovalighting.com is BRITOP LIGHTING SP\u00d3\u0141KA Z OGRANICZON\u0104 ODPOWIEDZIALNO\u015aCI\u0104, entered into the Register of Entrepreneurs by the DISTRICT COURT IN OPOLE, 8th COMMERCIAL DIVISION OF THE NATIONAL COURT REGISTER under KRS number: 0000362052, with its registered office and correspondence address at: ul. Nowe Osiedle 13D, 47-240 Bierawa, NIP: 7492068443, REGON: 160331997, e-mail address: <a class=\"decorated-link cursor-pointer\" rel=\"noopener\" data-start=\"467\" data-end=\"494\">brinova@brinovalighting.com<\/a>, hereinafter referred to as the &#8220;Administrator&#8221; and at the same time the &#8220;Service Provider&#8221;.<\/li><li class=\"li3\"><p data-start=\"0\" data-end=\"1003\">The personal data collected by the Administrator via the website is processed in accordance with Regulation (EU) 2016\/679 of the European Parliament and of the Council of 27 April 2016 on the protection of natural persons with regard to the processing of personal data and on the free movement of such data, and repealing Directive 95\/46\/EC (General Data Protection Regulation), hereinafter referred to as GDPR.<\/p><\/li><\/ol><p class=\"p1\" style=\"text-align: center;\"><b>\u00a7 2 <br \/><\/b><strong>TYPE OF PERSONAL DATA PROCESSED, PURPOSE AND SCOPE OF DATA COLLECTION<\/strong><\/p><ol class=\"ol1\"><li class=\"li3\">PURPOSE OF PROCESSING AND LEGAL BASIS. The Administrator processes the personal data of the Service Users of the website www.brinovalighting.com in the following cases:<br \/><ol class=\"ol1\"><li class=\"li3\">subscribing to the Newsletter for the purpose of sending commercial information by electronic means. Personal data is processed upon separate consent, based on Article 6(1)(a) of the GDPR,<\/li><li class=\"li3\">using the Contact Form for the purpose of sending a message to the Administrator, based on Article 6(1)(f) of the GDPR (legitimate interest of the controller).<\/li><\/ol><\/li><li class=\"li3\"><strong>TYPE OF PERSONAL DATA PROCESSED<\/strong>. The Service User provides, in the case of:<br \/><ol class=\"ol1\"><li class=\"li3\"><strong>Newsletter<\/strong>: first name and last name, company name, company address, position, tax identification number (NIP), e-mail address,<\/li><li class=\"li3\"><strong>Contact Form<\/strong>: first name and last name, company name, profession, phone number, e-mail address.<\/li><\/ol><\/li><li class=\"li3\"><strong>PERIOD OF PERSONAL DATA STORAGE<\/strong>. The personal data of Service Users are stored by the Administrator:<br \/><ol class=\"ol1\"><li class=\"li3\">in cases where the basis for data processing is the performance of a contract, for as long as it is necessary to perform the contract, and thereafter for a period corresponding to the statute of limitations for claims. Unless a specific provision states otherwise, the limitation period is six years, and for claims for periodic benefits and claims related to business activity \u2013 three years,<\/li><li class=\"li3\">in cases where the basis for data processing is consent, for as long as the consent is not withdrawn, and after the withdrawal of consent, for a period corresponding to the statute of limitations for claims that the Administrator may assert and that may be asserted against him. Unless a specific provision states otherwise, the limitation period is six years, and for claims for periodic benefits and claims related to business activity \u2013 three years.<\/li><\/ol><\/li><li class=\"li3\">While using the Website, additional information may be collected, in particular: the IP address assigned to the Service User\u2019s computer or the external IP address of the Internet service provider, domain name, type of browser, access time, and type of operating system.<\/li><li class=\"li5\">Upon separate consent, based on Article 6(1)(a) of the GDPR, data may also be processed for the purpose of sending commercial information by electronic means or making telephone calls for direct marketing purposes \u2013 in accordance with Article 398(1) and (2) of the Act of 12 July 2024 \u2013 Electronic Communications Law, including those directed as a result of profiling, provided that the Service User has given the appropriate consent.<\/li><li class=\"li5\">As part of the User\u2019s activity on the Website, profiling may take place, aimed at selecting appropriate advertising content that will be directed to the User.<\/li><li class=\"li5\">Profiling means any form of automated processing of personal data consisting of the use of personal data to evaluate certain personal aspects relating to a natural person, in particular to analyze or predict aspects concerning that natural person\u2019s performance at work, economic situation, health, personal preferences, interests, reliability, behavior, location, or movements. Profiling does not produce legal effects on the Service User nor does it otherwise significantly affect their situation. Its sole purpose is to better tailor marketing content and offers.<\/li><li class=\"li3\">Navigation data may also be collected from Service Users, including information about links and references they choose to click on or other activities undertaken on the Website. The legal basis for such processing is the legitimate interest of the Administrator (Article 6(1)(f) of the GDPR), consisting of facilitating the use of services provided electronically and improving the functionality of these services.<\/li><li class=\"li3\">Providing personal data by the Service User is voluntary.<\/li><li class=\"li3\">The Administrator exercises particular care to protect the interests of the data subjects, and in particular ensures that the data collected by him are:<br \/><ol class=\"ol1\"><li class=\"li3\">processed in accordance with the law,<\/li><li class=\"li3\">collected for specified, lawful purposes and not further processed in a manner incompatible with those purposes,<\/li><li class=\"li3\">factually correct and adequate in relation to the purposes for which they are processed and stored in a form that permits identification of the data subjects no longer than is necessary to achieve the purpose of the processing.<\/li><\/ol><\/li><\/ol><p class=\"p1\" style=\"text-align: center;\"><b>\u00a7 3 <br \/><\/b><strong>DISCLOSURE OF PERSONAL DATA<\/strong><\/p><ol class=\"ol1\"><li class=\"li3\">The personal data of Service Users are transferred to service providers used by the Administrator in the operation of the Website, in particular to:<br \/><ol class=\"ol1\"><li class=\"li3\">the hosting provider,<\/li><li class=\"li3\">the provider of software enabling business operations,<\/li><li class=\"li3\">entities providing mailing systems,<\/li><li class=\"li3\">the provider of software necessary for the operation of the website.<\/li><\/ol><\/li><li class=\"li3\">The service providers referred to in point 1 of this paragraph, to whom personal data are transferred, depending on contractual arrangements and circumstances, either act on the instructions of the Administrator regarding the purposes and means of processing such data (processors) or independently determine the purposes and means of their processing (controllers).<\/li><li class=\"li3\">The personal data of Service Users are stored exclusively within the European Economic Area (EEA), subject to \u00a7 5 point 5 of the Privacy Policy.<\/li><li class=\"li3\">Personal data may be transferred outside the European Economic Area (EEA), in particular to the United States, in connection with the Administrator&#8217;s use of analytical and marketing tool providers (e.g., Google LLC, Meta Platforms Inc.).<br \/>The transfer of data is carried out on the basis of Standard Contractual Clauses (SCC) approved by the European Commission, in accordance with Article 46(2)(c) of the GDPR.<\/li><\/ol><p class=\"p1\" style=\"text-align: center;\"><b>\u00a7 4 <br \/><\/b><strong>RIGHT TO CONTROL, ACCESS, AND RECTIFICATION OF PERSONAL DATA<\/strong><\/p><ol class=\"ol1\"><li class=\"li3\">The data subject has the right to access their personal data and the right to rectify, erase, restrict processing, the right to data portability, the right to object, and the right to withdraw consent at any time without affecting the lawfulness of processing based on consent before its withdrawal.<\/li><li class=\"li3\">Legal grounds for the Service User\u2019s request:<br \/><ol class=\"ol1\"><li class=\"li3\"><strong>Access to data<\/strong> \u2013 Article 15 GDPR<\/li><li class=\"li3\"><strong>Rectification of data<\/strong> \u2013 Article 16 GDPR<\/li><li class=\"li3\"><strong>Erasure of data (the so-called right to be forgotten)<\/strong> \u2013 Article 17 GDPR<\/li><li class=\"li3\"><strong>Restriction of processing<\/strong> \u2013 Article 18 GDPR<\/li><li class=\"li3\"><strong>Data portability<\/strong> \u2013 Article 20 GDPR<\/li><li class=\"li3\"><strong>Objection<\/strong> \u2013 Article 21 GDPR<\/li><li class=\"li3\"><strong>Withdrawal of consent<\/strong> \u2013 Article 7(3) GDPR<\/li><\/ol><\/li><li class=\"li3\">To exercise the rights referred to in point 2, a relevant e-mail may be sent to: <strong>brinova@brinovalighting.com<\/strong><\/li><li class=\"li3\">If the Service User exercises a right arising from the above-mentioned rights, the Administrator shall fulfil the request or refuse to do so without undue delay, but no later than within one month of receiving it. However, if \u2013 due to the complex nature of the request or the number of requests \u2013 the Administrator is unable to fulfil the request within one month, it shall fulfil it within the following two months, informing the Service User in advance, within one month of receiving the request, of the intended extension of the deadline and the reasons for it.<\/li><li class=\"li3\">If it is determined that the processing of personal data violates the provisions of the GDPR, the data subject has the right to lodge a complaint with the President of the Personal Data Protection Office.<\/li><\/ol><p class=\"p1\" style=\"text-align: center;\"><b>\u00a7 5 <br \/><\/b><strong>&#8220;COOKIES&#8221; FILES<\/strong><\/p><ol class=\"ol1\"><li class=\"li3\"><i><\/i>The Administrator\u2019s website uses \u201ccookies.\u201d<\/li><li class=\"li3\"><i><\/i>The installation of \u201ccookies\u201d is necessary for the proper provision of services on the Website. The \u201ccookies\u201d files contain information necessary for the correct functioning of the website and also make it possible to compile general statistics on website visits.<\/li><li class=\"li3\"><i><\/i>Two types of \u201ccookies\u201d are used on the website: \u201csession\u201d and \u201cpersistent.\u201d<br \/><ol class=\"ol1\"><li class=\"li3\"><i><\/i>\u201cSession\u201d cookies are temporary files stored on the Service User\u2019s end device until they log out (leave the website),<\/li><li class=\"li3\"><i><\/i>\u201cPersistent\u201d cookies are stored on the Service User\u2019s end device for the time specified in the \u201ccookies\u201d file parameters or until they are deleted by the Service User.<\/li><\/ol><\/li><li class=\"li3\"><i><\/i>The Administrator uses its own cookies to better understand how Service Users interact with the website\u2019s content. The cookies collect information about how the Service User uses the website, the type of page from which the Service User was redirected, as well as the number of visits and the duration of the Service User\u2019s visit to the website. This information does not record specific personal data of the Service User but is used to compile statistics on website usage.<\/li><li class=\"li3\"><i><\/i>The Administrator also uses external cookies to collect general and anonymous statistical data through analytical tools such as Google Analytics (external cookie administrator: Google LLC, based in the USA).<\/li><li class=\"li3\"><i><\/i>Cookies may also be used by advertising networks, particularly the Google network, to display advertisements tailored to the way the Service User uses the Website. For this purpose, they may store information about the Service User\u2019s navigation path or the time spent on a particular page.<\/li><li class=\"li3\"><i><\/i>The Service User has the right to decide on the access of \u201ccookies\u201d to their computer by:<br \/><ol class=\"ol1\"><li class=\"li3\"><i><\/i>selecting the types of cookies they consent to be collected immediately after entering the Website and when the cookies notification appears,<\/li><li class=\"li3\"><i><\/i>changing the settings in their browser window. Detailed information on the possibilities and methods of handling \u201ccookies\u201d is also available in the settings of the software (web browser).<\/li><\/ol><\/li><\/ol><p class=\"p1\" style=\"text-align: center;\"><b>\u00a7 6 <br \/><\/b><strong>ADDITIONAL SERVICES RELATED TO USER ACTIVITY ON THE WEBSITE<\/strong><\/p><ol class=\"ol1\"><li class=\"li3\">The Administrator uses remarketing tools on its website, such as Google Ads, which involves the use of cookies from Google LLC related to the Google Ads service. Through the cookie settings management mechanism, the Service User can decide whether the Service Provider may use Google Ads (external cookie administrator: Google LLC, based in the USA) in relation to them.<\/li><\/ol><p class=\"p1\" style=\"text-align: center;\"><b>\u00a7 7 <br \/><\/b><strong>FINAL PROVISIONS<\/strong><\/p><ol class=\"ol1\"><li class=\"li3\">The Administrator applies technical and organizational measures to ensure the protection of processed personal data appropriate to the risks and the category of data being protected, and in particular safeguards the data against unauthorized access, acquisition by unauthorized persons, processing in violation of applicable regulations, as well as alteration, loss, damage, or destruction.<\/li><li class=\"li3\">The Administrator provides appropriate technical measures to prevent the acquisition and modification by unauthorized persons of personal data transmitted electronically.<\/li><li class=\"li3\">In matters not regulated by this Privacy Policy, the provisions of the GDPR and other applicable provisions of Polish law shall apply accordingly.<\/li><li class=\"li3\">The Administrator updates this Privacy Policy in connection with legal changes or business development. Information about any modification of the Privacy Policy will be published at least 7 days before its entry into force on the website or sent by e-mail to the Service User who uses the Electronic Services provided on a continuous basis (Newsletter).<\/li><\/ol>\t\t\t\t\t\t\t\t<\/div>\n\t\t\t\t\t<\/div>\n\t\t\t\t<\/div>\n\t\t\t\t<\/div>\n\t\t","protected":false},"excerpt":{"rendered":"<p>PRIVACY POLICY OF THE WEBSITE www.brinovalighting.com \u00a7 1 GENERAL PROVISIONS The administrator of personal data collected via the website www.brinovalighting.com is BRITOP LIGHTING SP\u00d3\u0141KA Z OGRANICZON\u0104 ODPOWIEDZIALNO\u015aCI\u0104, entered into the Register of Entrepreneurs by the DISTRICT COURT IN OPOLE, 8th COMMERCIAL DIVISION OF THE NATIONAL COURT REGISTER under KRS number: 0000362052, with its registered office [&hellip;]<\/p>\n","protected":false},"author":1,"featured_media":0,"parent":0,"menu_order":0,"comment_status":"closed","ping_status":"closed","template":"","meta":{"footnotes":""},"class_list":["post-3425","page","type-page","status-publish","hentry"],"yoast_head":"<!-- This site is optimized with the Yoast SEO plugin v26.7 - https:\/\/yoast.com\/wordpress\/plugins\/seo\/ -->\n<title>Privacy Policy - Brinova<\/title>\n<meta name=\"robots\" content=\"index, follow, max-snippet:-1, max-image-preview:large, max-video-preview:-1\" \/>\n<link rel=\"canonical\" href=\"https:\/\/brinovalighting.com\/en\/privacy-policy\/\" \/>\n<meta property=\"og:locale\" content=\"en_US\" \/>\n<meta property=\"og:type\" content=\"article\" \/>\n<meta property=\"og:title\" content=\"Privacy Policy - Brinova\" \/>\n<meta property=\"og:description\" content=\"PRIVACY POLICY OF THE WEBSITE www.brinovalighting.com \u00a7 1 GENERAL PROVISIONS The administrator of personal data collected via the website www.brinovalighting.com is BRITOP LIGHTING SP\u00d3\u0141KA Z OGRANICZON\u0104 ODPOWIEDZIALNO\u015aCI\u0104, entered into the Register of Entrepreneurs by the DISTRICT COURT IN OPOLE, 8th COMMERCIAL DIVISION OF THE NATIONAL COURT REGISTER under KRS number: 0000362052, with its registered office [&hellip;]\" \/>\n<meta property=\"og:url\" content=\"https:\/\/brinovalighting.com\/en\/privacy-policy\/\" \/>\n<meta property=\"og:site_name\" content=\"Brinova\" \/>\n<meta property=\"article:modified_time\" content=\"2025-09-30T11:42:12+00:00\" \/>\n<meta name=\"twitter:card\" content=\"summary_large_image\" \/>\n<meta name=\"twitter:label1\" content=\"Est. reading time\" \/>\n\t<meta name=\"twitter:data1\" content=\"8 minutes\" \/>\n<script type=\"application\/ld+json\" class=\"yoast-schema-graph\">{\"@context\":\"https:\/\/schema.org\",\"@graph\":[{\"@type\":\"WebPage\",\"@id\":\"https:\/\/brinovalighting.com\/en\/privacy-policy\/\",\"url\":\"https:\/\/brinovalighting.com\/en\/privacy-policy\/\",\"name\":\"Privacy Policy - Brinova\",\"isPartOf\":{\"@id\":\"https:\/\/brinovalighting.com\/en\/#website\"},\"datePublished\":\"2025-09-16T11:36:27+00:00\",\"dateModified\":\"2025-09-30T11:42:12+00:00\",\"breadcrumb\":{\"@id\":\"https:\/\/brinovalighting.com\/en\/privacy-policy\/#breadcrumb\"},\"inLanguage\":\"en-US\",\"potentialAction\":[{\"@type\":\"ReadAction\",\"target\":[\"https:\/\/brinovalighting.com\/en\/privacy-policy\/\"]}]},{\"@type\":\"BreadcrumbList\",\"@id\":\"https:\/\/brinovalighting.com\/en\/privacy-policy\/#breadcrumb\",\"itemListElement\":[{\"@type\":\"ListItem\",\"position\":1,\"name\":\"Strona g\u0142\u00f3wna\",\"item\":\"https:\/\/brinovalighting.com\/en\/\"},{\"@type\":\"ListItem\",\"position\":2,\"name\":\"Privacy Policy\"}]},{\"@type\":\"WebSite\",\"@id\":\"https:\/\/brinovalighting.com\/en\/#website\",\"url\":\"https:\/\/brinovalighting.com\/en\/\",\"name\":\"Brinova\",\"description\":\"Polska marka o\u015bwietlenia premium\",\"publisher\":{\"@id\":\"https:\/\/brinovalighting.com\/en\/#organization\"},\"potentialAction\":[{\"@type\":\"SearchAction\",\"target\":{\"@type\":\"EntryPoint\",\"urlTemplate\":\"https:\/\/brinovalighting.com\/en\/?s={search_term_string}\"},\"query-input\":{\"@type\":\"PropertyValueSpecification\",\"valueRequired\":true,\"valueName\":\"search_term_string\"}}],\"inLanguage\":\"en-US\"},{\"@type\":\"Organization\",\"@id\":\"https:\/\/brinovalighting.com\/en\/#organization\",\"name\":\"Brinova\",\"url\":\"https:\/\/brinovalighting.com\/en\/\",\"logo\":{\"@type\":\"ImageObject\",\"inLanguage\":\"en-US\",\"@id\":\"https:\/\/brinovalighting.com\/en\/#\/schema\/logo\/image\/\",\"url\":\"https:\/\/brinovalighting.com\/wp-content\/uploads\/2025\/09\/BRINOVA_LOGO_2025-scaled.png\",\"contentUrl\":\"https:\/\/brinovalighting.com\/wp-content\/uploads\/2025\/09\/BRINOVA_LOGO_2025-scaled.png\",\"width\":2560,\"height\":544,\"caption\":\"Brinova\"},\"image\":{\"@id\":\"https:\/\/brinovalighting.com\/en\/#\/schema\/logo\/image\/\"}}]}<\/script>\n<!-- \/ Yoast SEO plugin. -->","yoast_head_json":{"title":"Privacy Policy - Brinova","robots":{"index":"index","follow":"follow","max-snippet":"max-snippet:-1","max-image-preview":"max-image-preview:large","max-video-preview":"max-video-preview:-1"},"canonical":"https:\/\/brinovalighting.com\/en\/privacy-policy\/","og_locale":"en_US","og_type":"article","og_title":"Privacy Policy - Brinova","og_description":"PRIVACY POLICY OF THE WEBSITE www.brinovalighting.com \u00a7 1 GENERAL PROVISIONS The administrator of personal data collected via the website www.brinovalighting.com is BRITOP LIGHTING SP\u00d3\u0141KA Z OGRANICZON\u0104 ODPOWIEDZIALNO\u015aCI\u0104, entered into the Register of Entrepreneurs by the DISTRICT COURT IN OPOLE, 8th COMMERCIAL DIVISION OF THE NATIONAL COURT REGISTER under KRS number: 0000362052, with its registered office [&hellip;]","og_url":"https:\/\/brinovalighting.com\/en\/privacy-policy\/","og_site_name":"Brinova","article_modified_time":"2025-09-30T11:42:12+00:00","twitter_card":"summary_large_image","twitter_misc":{"Est. reading time":"8 minutes"},"schema":{"@context":"https:\/\/schema.org","@graph":[{"@type":"WebPage","@id":"https:\/\/brinovalighting.com\/en\/privacy-policy\/","url":"https:\/\/brinovalighting.com\/en\/privacy-policy\/","name":"Privacy Policy - Brinova","isPartOf":{"@id":"https:\/\/brinovalighting.com\/en\/#website"},"datePublished":"2025-09-16T11:36:27+00:00","dateModified":"2025-09-30T11:42:12+00:00","breadcrumb":{"@id":"https:\/\/brinovalighting.com\/en\/privacy-policy\/#breadcrumb"},"inLanguage":"en-US","potentialAction":[{"@type":"ReadAction","target":["https:\/\/brinovalighting.com\/en\/privacy-policy\/"]}]},{"@type":"BreadcrumbList","@id":"https:\/\/brinovalighting.com\/en\/privacy-policy\/#breadcrumb","itemListElement":[{"@type":"ListItem","position":1,"name":"Strona g\u0142\u00f3wna","item":"https:\/\/brinovalighting.com\/en\/"},{"@type":"ListItem","position":2,"name":"Privacy Policy"}]},{"@type":"WebSite","@id":"https:\/\/brinovalighting.com\/en\/#website","url":"https:\/\/brinovalighting.com\/en\/","name":"Brinova","description":"Polska marka o\u015bwietlenia premium","publisher":{"@id":"https:\/\/brinovalighting.com\/en\/#organization"},"potentialAction":[{"@type":"SearchAction","target":{"@type":"EntryPoint","urlTemplate":"https:\/\/brinovalighting.com\/en\/?s={search_term_string}"},"query-input":{"@type":"PropertyValueSpecification","valueRequired":true,"valueName":"search_term_string"}}],"inLanguage":"en-US"},{"@type":"Organization","@id":"https:\/\/brinovalighting.com\/en\/#organization","name":"Brinova","url":"https:\/\/brinovalighting.com\/en\/","logo":{"@type":"ImageObject","inLanguage":"en-US","@id":"https:\/\/brinovalighting.com\/en\/#\/schema\/logo\/image\/","url":"https:\/\/brinovalighting.com\/wp-content\/uploads\/2025\/09\/BRINOVA_LOGO_2025-scaled.png","contentUrl":"https:\/\/brinovalighting.com\/wp-content\/uploads\/2025\/09\/BRINOVA_LOGO_2025-scaled.png","width":2560,"height":544,"caption":"Brinova"},"image":{"@id":"https:\/\/brinovalighting.com\/en\/#\/schema\/logo\/image\/"}}]}},"_links":{"self":[{"href":"https:\/\/brinovalighting.com\/en\/wp-json\/wp\/v2\/pages\/3425","targetHints":{"allow":["GET"]}}],"collection":[{"href":"https:\/\/brinovalighting.com\/en\/wp-json\/wp\/v2\/pages"}],"about":[{"href":"https:\/\/brinovalighting.com\/en\/wp-json\/wp\/v2\/types\/page"}],"author":[{"embeddable":true,"href":"https:\/\/brinovalighting.com\/en\/wp-json\/wp\/v2\/users\/1"}],"replies":[{"embeddable":true,"href":"https:\/\/brinovalighting.com\/en\/wp-json\/wp\/v2\/comments?post=3425"}],"version-history":[{"count":22,"href":"https:\/\/brinovalighting.com\/en\/wp-json\/wp\/v2\/pages\/3425\/revisions"}],"predecessor-version":[{"id":5494,"href":"https:\/\/brinovalighting.com\/en\/wp-json\/wp\/v2\/pages\/3425\/revisions\/5494"}],"wp:attachment":[{"href":"https:\/\/brinovalighting.com\/en\/wp-json\/wp\/v2\/media?parent=3425"}],"curies":[{"name":"wp","href":"https:\/\/api.w.org\/{rel}","templated":true}]}}