{"id":7265,"date":"2025-10-03T11:46:04","date_gmt":"2025-10-03T09:46:04","guid":{"rendered":"https:\/\/brinovalighting.com\/news\/"},"modified":"2025-10-06T16:49:21","modified_gmt":"2025-10-06T14:49:21","slug":"neuigkeiten","status":"publish","type":"page","link":"https:\/\/brinovalighting.com\/de\/neuigkeiten\/","title":{"rendered":"Neuigkeiten"},"content":{"rendered":"\t\t<div data-elementor-type=\"wp-page\" data-elementor-id=\"7265\" class=\"elementor elementor-7265 elementor-5868\" data-elementor-post-type=\"page\">\n\t\t\t\t<div class=\"elementor-element elementor-element-b2c0f77 e-flex e-con-boxed e-con e-parent\" data-id=\"b2c0f77\" data-element_type=\"container\">\n\t\t\t\t\t<div class=\"e-con-inner\">\n\t\t\t\t<div class=\"elementor-element elementor-element-e261a92 elementor-widget elementor-widget-heading\" data-id=\"e261a92\" data-element_type=\"widget\" data-widget_type=\"heading.default\">\n\t\t\t\t\t<h1 class=\"elementor-heading-title elementor-size-default\">Neuigkeiten<\/h1>\t\t\t\t<\/div>\n\t\t\t\t<div class=\"elementor-element elementor-element-a0124c4 elementor-grid-3 elementor-grid-tablet-2 elementor-grid-mobile-1 elementor-widget elementor-widget-loop-grid\" data-id=\"a0124c4\" data-element_type=\"widget\" data-settings=\"{&quot;template_id&quot;:7248,&quot;columns&quot;:3,&quot;pagination_type&quot;:&quot;numbers&quot;,&quot;_skin&quot;:&quot;post&quot;,&quot;columns_tablet&quot;:&quot;2&quot;,&quot;columns_mobile&quot;:&quot;1&quot;,&quot;edit_handle_selector&quot;:&quot;[data-elementor-type=\\&quot;loop-item\\&quot;]&quot;,&quot;pagination_load_type&quot;:&quot;page_reload&quot;,&quot;row_gap&quot;:{&quot;unit&quot;:&quot;px&quot;,&quot;size&quot;:&quot;&quot;,&quot;sizes&quot;:[]},&quot;row_gap_tablet&quot;:{&quot;unit&quot;:&quot;px&quot;,&quot;size&quot;:&quot;&quot;,&quot;sizes&quot;:[]},&quot;row_gap_mobile&quot;:{&quot;unit&quot;:&quot;px&quot;,&quot;size&quot;:&quot;&quot;,&quot;sizes&quot;:[]}}\" data-widget_type=\"loop-grid.post\">\n\t\t\t\t<div class=\"elementor-widget-container\">\n\t\t\t\t\t\t\t<div class=\"elementor-loop-container elementor-grid\" role=\"list\">\n\t\t<style id=\"loop-7248\">.elementor-7248 .elementor-element.elementor-element-3f9386f{--display:flex;--justify-content:space-between;--gap:10px 10px;--row-gap:10px;--column-gap:10px;--padding-top:0px;--padding-bottom:0px;--padding-left:0px;--padding-right:0px;}.elementor-7248 .elementor-element.elementor-element-f2479bb{--display:flex;--justify-content:flex-start;--gap:10px 10px;--row-gap:10px;--column-gap:10px;--padding-top:0px;--padding-bottom:0px;--padding-left:0px;--padding-right:0px;}.elementor-widget-image .widget-image-caption{color:var( --e-global-color-text );font-family:var( --e-global-typography-text-font-family ), Sans-serif;font-weight:var( --e-global-typography-text-font-weight );}.elementor-7248 .elementor-element.elementor-element-ee691fb{z-index:2;}.elementor-7248 .elementor-element.elementor-element-ee691fb img{width:100%;}.elementor-widget-heading .elementor-heading-title{font-family:var( --e-global-typography-primary-font-family ), Sans-serif;color:var( --e-global-color-primary );}.elementor-7248 .elementor-element.elementor-element-40ab252 .elementor-heading-title{font-family:\"Myriad Pro\", Sans-serif;font-size:24px;font-weight:300;}.elementor-widget-text-editor{font-family:var( --e-global-typography-text-font-family ), Sans-serif;font-weight:var( --e-global-typography-text-font-weight );color:var( --e-global-color-text );}.elementor-widget-text-editor.elementor-drop-cap-view-stacked .elementor-drop-cap{background-color:var( --e-global-color-primary );}.elementor-widget-text-editor.elementor-drop-cap-view-framed .elementor-drop-cap, .elementor-widget-text-editor.elementor-drop-cap-view-default .elementor-drop-cap{color:var( --e-global-color-primary );border-color:var( --e-global-color-primary );}.elementor-7248 .elementor-element.elementor-element-42ca95d{margin:0px 0px calc(var(--kit-widget-spacing, 0px) + 0px) 0px;padding:0px 0px 0px 0px;font-family:\"Myriad Pro\", Sans-serif;font-size:16px;font-weight:300;line-height:24px;}.elementor-widget-button .elementor-button{background-color:var( --e-global-color-accent );font-family:var( --e-global-typography-accent-font-family ), Sans-serif;font-weight:var( --e-global-typography-accent-font-weight );}.elementor-7248 .elementor-element.elementor-element-a65b794 .elementor-button{background-color:#F8F6F200;font-family:\"Myriad Pro\", Sans-serif;font-size:14px;font-weight:500;text-transform:uppercase;letter-spacing:1.2px;fill:var( --e-global-color-primary );color:var( --e-global-color-primary );border-style:solid;border-width:0px 0px 1px 0px;border-color:var( --e-global-color-primary );border-radius:0px 0px 0px 0px;padding:3px 0px 3px 0px;}@media(min-width:768px){.elementor-7248 .elementor-element.elementor-element-3f9386f{--width:100%;}}<\/style>\t\t<div data-elementor-type=\"loop-item\" data-elementor-id=\"7248\" class=\"elementor elementor-7248 elementor-5830 e-loop-item e-loop-item-8489 post-8489 post type-post status-publish format-standard has-post-thumbnail hentry category-nicht-kategorisiert\" data-elementor-post-type=\"elementor_library\" data-custom-edit-handle=\"1\">\n\t\t\t<div class=\"elementor-element elementor-element-3f9386f e-con-full e-flex e-con e-child\" data-id=\"3f9386f\" data-element_type=\"container\">\n\t\t<div class=\"elementor-element elementor-element-f2479bb e-flex e-con-boxed e-con e-child\" data-id=\"f2479bb\" data-element_type=\"container\">\n\t\t\t\t\t<div class=\"e-con-inner\">\n\t\t\t\t<div class=\"elementor-element elementor-element-ee691fb elementor-widget elementor-widget-image\" data-id=\"ee691fb\" data-element_type=\"widget\" data-widget_type=\"image.default\">\n\t\t\t\t\t\t\t\t\t\t\t\t\t\t\t<img decoding=\"async\" src=\"https:\/\/brinovalighting.com\/wp-content\/uploads\/elementor\/thumbs\/3-scaled-rhevhlt7e22tvznj7finb14wdo31bxdcfa5ljuo9wg.jpg\" title=\"Mockups Design\" alt=\"mockups-design.com\" loading=\"lazy\" \/>\t\t\t\t\t\t\t\t\t\t\t\t\t\t\t<\/div>\n\t\t\t\t<div class=\"elementor-element elementor-element-40ab252 elementor-widget elementor-widget-heading\" data-id=\"40ab252\" data-element_type=\"widget\" data-widget_type=\"heading.default\">\n\t\t\t\t\t<h2 class=\"elementor-heading-title elementor-size-default\">Der neue Katalog Brinova Essential 1.0 ist jetzt verf\u00fcgbar!<\/h2>\t\t\t\t<\/div>\n\t\t\t\t<div class=\"elementor-element elementor-element-42ca95d elementor-widget elementor-widget-text-editor\" data-id=\"42ca95d\" data-element_type=\"widget\" data-widget_type=\"text-editor.default\">\n\t\t\t\t\t\t\t\t\tLicht hat viele Formen. Im neuen Brinova-Katalog haben wir sie zu einer stimmigen Geschichte&#8230;\t\t\t\t\t\t\t\t<\/div>\n\t\t\t\t\t<\/div>\n\t\t\t\t<\/div>\n\t\t\t\t<div class=\"elementor-element elementor-element-a65b794 elementor-widget elementor-widget-button\" data-id=\"a65b794\" data-element_type=\"widget\" data-widget_type=\"button.default\">\n\t\t\t\t\t\t\t\t\t\t<a class=\"elementor-button elementor-button-link elementor-size-sm\" href=\"https:\/\/brinovalighting.com\/de\/nowy-katalog-brinova-essential-1-0-juz-dostepny\/\">\n\t\t\t\t\t\t<span class=\"elementor-button-content-wrapper\">\n\t\t\t\t\t\t\t\t\t<span class=\"elementor-button-text\">Mehr anzeigen<\/span>\n\t\t\t\t\t<\/span>\n\t\t\t\t\t<\/a>\n\t\t\t\t\t\t\t\t<\/div>\n\t\t\t\t<\/div>\n\t\t\t\t<\/div>\n\t\t\t\t<div data-elementor-type=\"loop-item\" data-elementor-id=\"7248\" class=\"elementor elementor-7248 elementor-5830 e-loop-item e-loop-item-8447 post-8447 post type-post status-publish format-standard has-post-thumbnail hentry category-nicht-kategorisiert\" data-elementor-post-type=\"elementor_library\" data-custom-edit-handle=\"1\">\n\t\t\t<div class=\"elementor-element elementor-element-3f9386f e-con-full e-flex e-con e-child\" data-id=\"3f9386f\" data-element_type=\"container\">\n\t\t<div class=\"elementor-element elementor-element-f2479bb e-flex e-con-boxed e-con e-child\" data-id=\"f2479bb\" data-element_type=\"container\">\n\t\t\t\t\t<div class=\"e-con-inner\">\n\t\t\t\t<div class=\"elementor-element elementor-element-ee691fb elementor-widget elementor-widget-image\" data-id=\"ee691fb\" data-element_type=\"widget\" data-widget_type=\"image.default\">\n\t\t\t\t\t\t\t\t\t\t\t\t\t\t\t<img decoding=\"async\" src=\"https:\/\/brinovalighting.com\/wp-content\/uploads\/elementor\/thumbs\/Brinova-Mera-Meble-Architekci-13-1-1-scaled-rhd0fqe0glo2m5xsj0rj35whpdr86cgnvpy80pqwww.webp\" title=\"Brinova Mera Meble Architekci-13 (1) (1)\" alt=\"Brinova Mera Meble Architekci-13 (1) (1)\" loading=\"lazy\" \/>\t\t\t\t\t\t\t\t\t\t\t\t\t\t\t<\/div>\n\t\t\t\t<div class=\"elementor-element elementor-element-40ab252 elementor-widget elementor-widget-heading\" data-id=\"40ab252\" data-element_type=\"widget\" data-widget_type=\"heading.default\">\n\t\t\t\t\t<h2 class=\"elementor-heading-title elementor-size-default\">Schulung f\u00fcr Architekten und das Team von Mera Bielsko<\/h2>\t\t\t\t<\/div>\n\t\t\t\t<div class=\"elementor-element elementor-element-42ca95d elementor-widget elementor-widget-text-editor\" data-id=\"42ca95d\" data-element_type=\"widget\" data-widget_type=\"text-editor.default\">\n\t\t\t\t\t\t\t\t\tW\u00e4hrend der Schulung stellten wir das Beleuchtungsportfolio von Brinova vor und erl\u00e4uterten&#8230;\t\t\t\t\t\t\t\t<\/div>\n\t\t\t\t\t<\/div>\n\t\t\t\t<\/div>\n\t\t\t\t<div class=\"elementor-element elementor-element-a65b794 elementor-widget elementor-widget-button\" data-id=\"a65b794\" data-element_type=\"widget\" data-widget_type=\"button.default\">\n\t\t\t\t\t\t\t\t\t\t<a class=\"elementor-button elementor-button-link elementor-size-sm\" href=\"https:\/\/brinovalighting.com\/de\/szkolenie-dla-architektow-i-zespolu-mera-bielsko-biala\/\">\n\t\t\t\t\t\t<span class=\"elementor-button-content-wrapper\">\n\t\t\t\t\t\t\t\t\t<span class=\"elementor-button-text\">Mehr anzeigen<\/span>\n\t\t\t\t\t<\/span>\n\t\t\t\t\t<\/a>\n\t\t\t\t\t\t\t\t<\/div>\n\t\t\t\t<\/div>\n\t\t\t\t<\/div>\n\t\t\t\t<div data-elementor-type=\"loop-item\" data-elementor-id=\"7248\" class=\"elementor elementor-7248 elementor-5830 e-loop-item e-loop-item-8289 post-8289 post type-post status-publish format-standard has-post-thumbnail hentry category-nicht-kategorisiert\" data-elementor-post-type=\"elementor_library\" data-custom-edit-handle=\"1\">\n\t\t\t<div class=\"elementor-element elementor-element-3f9386f e-con-full e-flex e-con e-child\" data-id=\"3f9386f\" data-element_type=\"container\">\n\t\t<div class=\"elementor-element elementor-element-f2479bb e-flex e-con-boxed e-con e-child\" data-id=\"f2479bb\" data-element_type=\"container\">\n\t\t\t\t\t<div class=\"e-con-inner\">\n\t\t\t\t<div class=\"elementor-element elementor-element-ee691fb elementor-widget elementor-widget-image\" data-id=\"ee691fb\" data-element_type=\"widget\" data-widget_type=\"image.default\">\n\t\t\t\t\t\t\t\t\t\t\t\t\t\t\t<img decoding=\"async\" src=\"https:\/\/brinovalighting.com\/wp-content\/uploads\/elementor\/thumbs\/wpis-rhcn57pv7wm24n0hqofw8ezqsqbalhrz39uhql92jk.jpg\" title=\"wpis\" alt=\"wpis\" loading=\"lazy\" \/>\t\t\t\t\t\t\t\t\t\t\t\t\t\t\t<\/div>\n\t\t\t\t<div class=\"elementor-element elementor-element-40ab252 elementor-widget elementor-widget-heading\" data-id=\"40ab252\" data-element_type=\"widget\" data-widget_type=\"heading.default\">\n\t\t\t\t\t<h2 class=\"elementor-heading-title elementor-size-default\">Eine Lichtmarke f\u00fcr Architekten und Designer<\/h2>\t\t\t\t<\/div>\n\t\t\t\t<div class=\"elementor-element elementor-element-42ca95d elementor-widget elementor-widget-text-editor\" data-id=\"42ca95d\" data-element_type=\"widget\" data-widget_type=\"text-editor.default\">\n\t\t\t\t\t\t\t\t\tDie Marke Brinova nahm an der Messe Warsaw Home teil, einer der gr\u00f6\u00dften und bedeutendsten Veranstaltungen&#8230;\t\t\t\t\t\t\t\t<\/div>\n\t\t\t\t\t<\/div>\n\t\t\t\t<\/div>\n\t\t\t\t<div class=\"elementor-element elementor-element-a65b794 elementor-widget elementor-widget-button\" data-id=\"a65b794\" data-element_type=\"widget\" data-widget_type=\"button.default\">\n\t\t\t\t\t\t\t\t\t\t<a class=\"elementor-button elementor-button-link elementor-size-sm\" href=\"https:\/\/brinovalighting.com\/de\/marka-oswietleniowa-dla-architektow-i-projektantow\/\">\n\t\t\t\t\t\t<span class=\"elementor-button-content-wrapper\">\n\t\t\t\t\t\t\t\t\t<span class=\"elementor-button-text\">Mehr anzeigen<\/span>\n\t\t\t\t\t<\/span>\n\t\t\t\t\t<\/a>\n\t\t\t\t\t\t\t\t<\/div>\n\t\t\t\t<\/div>\n\t\t\t\t<\/div>\n\t\t\t\t<div data-elementor-type=\"loop-item\" data-elementor-id=\"7248\" class=\"elementor elementor-7248 elementor-5830 e-loop-item e-loop-item-5825 post-5825 post type-post status-publish format-standard has-post-thumbnail hentry category-nicht-kategorisiert\" data-elementor-post-type=\"elementor_library\" data-custom-edit-handle=\"1\">\n\t\t\t<div class=\"elementor-element elementor-element-3f9386f e-con-full e-flex e-con e-child\" data-id=\"3f9386f\" data-element_type=\"container\">\n\t\t<div class=\"elementor-element elementor-element-f2479bb e-flex e-con-boxed e-con e-child\" data-id=\"f2479bb\" data-element_type=\"container\">\n\t\t\t\t\t<div class=\"e-con-inner\">\n\t\t\t\t<div class=\"elementor-element elementor-element-ee691fb elementor-widget elementor-widget-image\" data-id=\"ee691fb\" data-element_type=\"widget\" data-widget_type=\"image.default\">\n\t\t\t\t\t\t\t\t\t\t\t\t\t\t\t<img decoding=\"async\" src=\"https:\/\/brinovalighting.com\/wp-content\/uploads\/elementor\/thumbs\/Photos-BritopSpot-light-building-2024-70-scaled-rcnndi7suumac1jsnfmidrmt3gv2gnlgw5wy7s0xls.jpg\" title=\"Photos Britop+Spot light-building 2024-70\" alt=\"Photos Britop+Spot light-building 2024-70\" loading=\"lazy\" \/>\t\t\t\t\t\t\t\t\t\t\t\t\t\t\t<\/div>\n\t\t\t\t<div class=\"elementor-element elementor-element-40ab252 elementor-widget elementor-widget-heading\" data-id=\"40ab252\" data-element_type=\"widget\" data-widget_type=\"heading.default\">\n\t\t\t\t\t<h2 class=\"elementor-heading-title elementor-size-default\">Premiere von Brinova auf der Warsaw Home 2025<\/h2>\t\t\t\t<\/div>\n\t\t\t\t<div class=\"elementor-element elementor-element-42ca95d elementor-widget elementor-widget-text-editor\" data-id=\"42ca95d\" data-element_type=\"widget\" data-widget_type=\"text-editor.default\">\n\t\t\t\t\t\t\t\t\tWir laden Sie herzlich zur offiziellen Premiere von Brinova auf der Warsaw Home &amp; Contract 2025 ein!\n\t\t\t\t\t\t\t\t<\/div>\n\t\t\t\t\t<\/div>\n\t\t\t\t<\/div>\n\t\t\t\t<div class=\"elementor-element elementor-element-a65b794 elementor-widget elementor-widget-button\" data-id=\"a65b794\" data-element_type=\"widget\" data-widget_type=\"button.default\">\n\t\t\t\t\t\t\t\t\t\t<a class=\"elementor-button elementor-button-link elementor-size-sm\" href=\"https:\/\/brinovalighting.com\/de\/premiere-von-brinova-auf-der-warsaw-home-2025\/\">\n\t\t\t\t\t\t<span class=\"elementor-button-content-wrapper\">\n\t\t\t\t\t\t\t\t\t<span class=\"elementor-button-text\">Mehr anzeigen<\/span>\n\t\t\t\t\t<\/span>\n\t\t\t\t\t<\/a>\n\t\t\t\t\t\t\t\t<\/div>\n\t\t\t\t<\/div>\n\t\t\t\t<\/div>\n\t\t\t\t<div data-elementor-type=\"loop-item\" data-elementor-id=\"7248\" class=\"elementor elementor-7248 elementor-5830 e-loop-item e-loop-item-5813 post-5813 post type-post status-publish format-standard has-post-thumbnail hentry category-nicht-kategorisiert\" data-elementor-post-type=\"elementor_library\" data-custom-edit-handle=\"1\">\n\t\t\t<div class=\"elementor-element elementor-element-3f9386f e-con-full e-flex e-con e-child\" data-id=\"3f9386f\" data-element_type=\"container\">\n\t\t<div class=\"elementor-element elementor-element-f2479bb e-flex e-con-boxed e-con e-child\" data-id=\"f2479bb\" data-element_type=\"container\">\n\t\t\t\t\t<div class=\"e-con-inner\">\n\t\t\t\t<div class=\"elementor-element elementor-element-ee691fb elementor-widget elementor-widget-image\" data-id=\"ee691fb\" data-element_type=\"widget\" data-widget_type=\"image.default\">\n\t\t\t\t\t\t\t\t\t\t\t\t\t\t\t<img decoding=\"async\" src=\"https:\/\/brinovalighting.com\/wp-content\/uploads\/elementor\/thumbs\/20250925_164031-scaled-e1759493760432-rcnvhjom8sefijcec64nkklhe7fiz7z7dmquzp0ie8.jpg\" title=\"20250925_164031\" alt=\"20250925_164031\" loading=\"lazy\" \/>\t\t\t\t\t\t\t\t\t\t\t\t\t\t\t<\/div>\n\t\t\t\t<div class=\"elementor-element elementor-element-40ab252 elementor-widget elementor-widget-heading\" data-id=\"40ab252\" data-element_type=\"widget\" data-widget_type=\"heading.default\">\n\t\t\t\t\t<h2 class=\"elementor-heading-title elementor-size-default\">Neuer Premium-Brinova-Katalog!<\/h2>\t\t\t\t<\/div>\n\t\t\t\t<div class=\"elementor-element elementor-element-42ca95d elementor-widget elementor-widget-text-editor\" data-id=\"42ca95d\" data-element_type=\"widget\" data-widget_type=\"text-editor.default\">\n\t\t\t\t\t\t\t\t\tEntdecken Sie den neuen Premium-Brinova-Katalog, entwickelt f\u00fcr Profis und Designbegeisterte.\n\t\t\t\t\t\t\t\t<\/div>\n\t\t\t\t\t<\/div>\n\t\t\t\t<\/div>\n\t\t\t\t<div class=\"elementor-element elementor-element-a65b794 elementor-widget elementor-widget-button\" data-id=\"a65b794\" data-element_type=\"widget\" data-widget_type=\"button.default\">\n\t\t\t\t\t\t\t\t\t\t<a class=\"elementor-button elementor-button-link elementor-size-sm\" href=\"https:\/\/brinovalighting.com\/de\/neuer-premium-brinova-katalog\/\">\n\t\t\t\t\t\t<span class=\"elementor-button-content-wrapper\">\n\t\t\t\t\t\t\t\t\t<span class=\"elementor-button-text\">Mehr anzeigen<\/span>\n\t\t\t\t\t<\/span>\n\t\t\t\t\t<\/a>\n\t\t\t\t\t\t\t\t<\/div>\n\t\t\t\t<\/div>\n\t\t\t\t<\/div>\n\t\t\t\t<div data-elementor-type=\"loop-item\" data-elementor-id=\"7248\" class=\"elementor elementor-7248 elementor-5830 e-loop-item e-loop-item-5801 post-5801 post type-post status-publish format-standard has-post-thumbnail hentry category-nicht-kategorisiert\" data-elementor-post-type=\"elementor_library\" data-custom-edit-handle=\"1\">\n\t\t\t<div class=\"elementor-element elementor-element-3f9386f e-con-full e-flex e-con e-child\" data-id=\"3f9386f\" data-element_type=\"container\">\n\t\t<div class=\"elementor-element elementor-element-f2479bb e-flex e-con-boxed e-con e-child\" data-id=\"f2479bb\" data-element_type=\"container\">\n\t\t\t\t\t<div class=\"e-con-inner\">\n\t\t\t\t<div class=\"elementor-element elementor-element-ee691fb elementor-widget elementor-widget-image\" data-id=\"ee691fb\" data-element_type=\"widget\" data-widget_type=\"image.default\">\n\t\t\t\t\t\t\t\t\t\t\t\t\t\t\t<img decoding=\"async\" src=\"https:\/\/brinovalighting.com\/wp-content\/uploads\/elementor\/thumbs\/20250926_113505-scaled-rcnn24e63319q2334ih66n1u3gz18mehzth8z4wkyo.jpg\" title=\"20250926_113505\" alt=\"20250926_113505\" loading=\"lazy\" \/>\t\t\t\t\t\t\t\t\t\t\t\t\t\t\t<\/div>\n\t\t\t\t<div class=\"elementor-element elementor-element-40ab252 elementor-widget elementor-widget-heading\" data-id=\"40ab252\" data-element_type=\"widget\" data-widget_type=\"heading.default\">\n\t\t\t\t\t<h2 class=\"elementor-heading-title elementor-size-default\">\u00d6kologische Fabrik und Brinova Showroom f\u00fcr Architekten ge\u00f6ffnet!<\/h2>\t\t\t\t<\/div>\n\t\t\t\t<div class=\"elementor-element elementor-element-42ca95d elementor-widget elementor-widget-text-editor\" data-id=\"42ca95d\" data-element_type=\"widget\" data-widget_type=\"text-editor.default\">\n\t\t\t\t\t\t\t\t\tAm letzten Freitag im September fand im Brinova Showroom das Premieren-Event f\u00fcr Architekten&#8230;\n\t\t\t\t\t\t\t\t<\/div>\n\t\t\t\t\t<\/div>\n\t\t\t\t<\/div>\n\t\t\t\t<div class=\"elementor-element elementor-element-a65b794 elementor-widget elementor-widget-button\" data-id=\"a65b794\" data-element_type=\"widget\" data-widget_type=\"button.default\">\n\t\t\t\t\t\t\t\t\t\t<a class=\"elementor-button elementor-button-link elementor-size-sm\" href=\"https:\/\/brinovalighting.com\/de\/okologische-fabrik-und-brinova-showroom-fur-architekten-geoffnet\/\">\n\t\t\t\t\t\t<span class=\"elementor-button-content-wrapper\">\n\t\t\t\t\t\t\t\t\t<span class=\"elementor-button-text\">Mehr anzeigen<\/span>\n\t\t\t\t\t<\/span>\n\t\t\t\t\t<\/a>\n\t\t\t\t\t\t\t\t<\/div>\n\t\t\t\t<\/div>\n\t\t\t\t<\/div>\n\t\t\t\t<\/div>\n\t\t\n\t\t\t\t\t\t<\/div>\n\t\t\t\t<\/div>\n\t\t\t\t\t<\/div>\n\t\t\t\t<\/div>\n\t\t\t\t<\/div>\n\t\t","protected":false},"excerpt":{"rendered":"<p>Neuigkeiten<\/p>\n","protected":false},"author":1,"featured_media":0,"parent":0,"menu_order":0,"comment_status":"closed","ping_status":"closed","template":"","meta":{"footnotes":""},"class_list":["post-7265","page","type-page","status-publish","hentry"],"yoast_head":"<!-- This site is optimized with the Yoast SEO plugin v26.7 - https:\/\/yoast.com\/wordpress\/plugins\/seo\/ -->\n<title>Neuigkeiten - Brinova<\/title>\n<meta name=\"robots\" content=\"index, follow, max-snippet:-1, max-image-preview:large, max-video-preview:-1\" \/>\n<link rel=\"canonical\" href=\"https:\/\/brinovalighting.com\/de\/neuigkeiten\/\" \/>\n<meta property=\"og:locale\" content=\"de_DE\" \/>\n<meta property=\"og:type\" content=\"article\" \/>\n<meta property=\"og:title\" content=\"Neuigkeiten - Brinova\" \/>\n<meta property=\"og:description\" content=\"Neuigkeiten\" \/>\n<meta property=\"og:url\" content=\"https:\/\/brinovalighting.com\/de\/neuigkeiten\/\" \/>\n<meta property=\"og:site_name\" content=\"Brinova\" \/>\n<meta property=\"article:modified_time\" content=\"2025-10-06T14:49:21+00:00\" \/>\n<meta name=\"twitter:card\" content=\"summary_large_image\" \/>\n<meta name=\"twitter:label1\" content=\"Gesch\u00e4tzte Lesezeit\" \/>\n\t<meta name=\"twitter:data1\" content=\"1\u00a0Minute\" \/>\n<script type=\"application\/ld+json\" class=\"yoast-schema-graph\">{\"@context\":\"https:\/\/schema.org\",\"@graph\":[{\"@type\":\"WebPage\",\"@id\":\"https:\/\/brinovalighting.com\/de\/neuigkeiten\/\",\"url\":\"https:\/\/brinovalighting.com\/de\/neuigkeiten\/\",\"name\":\"Neuigkeiten - Brinova\",\"isPartOf\":{\"@id\":\"https:\/\/brinovalighting.com\/de\/#website\"},\"datePublished\":\"2025-10-03T09:46:04+00:00\",\"dateModified\":\"2025-10-06T14:49:21+00:00\",\"breadcrumb\":{\"@id\":\"https:\/\/brinovalighting.com\/de\/neuigkeiten\/#breadcrumb\"},\"inLanguage\":\"de\",\"potentialAction\":[{\"@type\":\"ReadAction\",\"target\":[\"https:\/\/brinovalighting.com\/de\/neuigkeiten\/\"]}]},{\"@type\":\"BreadcrumbList\",\"@id\":\"https:\/\/brinovalighting.com\/de\/neuigkeiten\/#breadcrumb\",\"itemListElement\":[{\"@type\":\"ListItem\",\"position\":1,\"name\":\"Strona g\u0142\u00f3wna\",\"item\":\"https:\/\/brinovalighting.com\/de\/\"},{\"@type\":\"ListItem\",\"position\":2,\"name\":\"Neuigkeiten\"}]},{\"@type\":\"WebSite\",\"@id\":\"https:\/\/brinovalighting.com\/de\/#website\",\"url\":\"https:\/\/brinovalighting.com\/de\/\",\"name\":\"Brinova\",\"description\":\"Polska marka o\u015bwietlenia premium\",\"publisher\":{\"@id\":\"https:\/\/brinovalighting.com\/de\/#organization\"},\"potentialAction\":[{\"@type\":\"SearchAction\",\"target\":{\"@type\":\"EntryPoint\",\"urlTemplate\":\"https:\/\/brinovalighting.com\/de\/?s={search_term_string}\"},\"query-input\":{\"@type\":\"PropertyValueSpecification\",\"valueRequired\":true,\"valueName\":\"search_term_string\"}}],\"inLanguage\":\"de\"},{\"@type\":\"Organization\",\"@id\":\"https:\/\/brinovalighting.com\/de\/#organization\",\"name\":\"Brinova\",\"url\":\"https:\/\/brinovalighting.com\/de\/\",\"logo\":{\"@type\":\"ImageObject\",\"inLanguage\":\"de\",\"@id\":\"https:\/\/brinovalighting.com\/de\/#\/schema\/logo\/image\/\",\"url\":\"https:\/\/brinovalighting.com\/wp-content\/uploads\/2025\/09\/BRINOVA_LOGO_2025-scaled.png\",\"contentUrl\":\"https:\/\/brinovalighting.com\/wp-content\/uploads\/2025\/09\/BRINOVA_LOGO_2025-scaled.png\",\"width\":2560,\"height\":544,\"caption\":\"Brinova\"},\"image\":{\"@id\":\"https:\/\/brinovalighting.com\/de\/#\/schema\/logo\/image\/\"}}]}<\/script>\n<!-- \/ Yoast SEO plugin. -->","yoast_head_json":{"title":"Neuigkeiten - Brinova","robots":{"index":"index","follow":"follow","max-snippet":"max-snippet:-1","max-image-preview":"max-image-preview:large","max-video-preview":"max-video-preview:-1"},"canonical":"https:\/\/brinovalighting.com\/de\/neuigkeiten\/","og_locale":"de_DE","og_type":"article","og_title":"Neuigkeiten - Brinova","og_description":"Neuigkeiten","og_url":"https:\/\/brinovalighting.com\/de\/neuigkeiten\/","og_site_name":"Brinova","article_modified_time":"2025-10-06T14:49:21+00:00","twitter_card":"summary_large_image","twitter_misc":{"Gesch\u00e4tzte Lesezeit":"1\u00a0Minute"},"schema":{"@context":"https:\/\/schema.org","@graph":[{"@type":"WebPage","@id":"https:\/\/brinovalighting.com\/de\/neuigkeiten\/","url":"https:\/\/brinovalighting.com\/de\/neuigkeiten\/","name":"Neuigkeiten - Brinova","isPartOf":{"@id":"https:\/\/brinovalighting.com\/de\/#website"},"datePublished":"2025-10-03T09:46:04+00:00","dateModified":"2025-10-06T14:49:21+00:00","breadcrumb":{"@id":"https:\/\/brinovalighting.com\/de\/neuigkeiten\/#breadcrumb"},"inLanguage":"de","potentialAction":[{"@type":"ReadAction","target":["https:\/\/brinovalighting.com\/de\/neuigkeiten\/"]}]},{"@type":"BreadcrumbList","@id":"https:\/\/brinovalighting.com\/de\/neuigkeiten\/#breadcrumb","itemListElement":[{"@type":"ListItem","position":1,"name":"Strona g\u0142\u00f3wna","item":"https:\/\/brinovalighting.com\/de\/"},{"@type":"ListItem","position":2,"name":"Neuigkeiten"}]},{"@type":"WebSite","@id":"https:\/\/brinovalighting.com\/de\/#website","url":"https:\/\/brinovalighting.com\/de\/","name":"Brinova","description":"Polska marka o\u015bwietlenia premium","publisher":{"@id":"https:\/\/brinovalighting.com\/de\/#organization"},"potentialAction":[{"@type":"SearchAction","target":{"@type":"EntryPoint","urlTemplate":"https:\/\/brinovalighting.com\/de\/?s={search_term_string}"},"query-input":{"@type":"PropertyValueSpecification","valueRequired":true,"valueName":"search_term_string"}}],"inLanguage":"de"},{"@type":"Organization","@id":"https:\/\/brinovalighting.com\/de\/#organization","name":"Brinova","url":"https:\/\/brinovalighting.com\/de\/","logo":{"@type":"ImageObject","inLanguage":"de","@id":"https:\/\/brinovalighting.com\/de\/#\/schema\/logo\/image\/","url":"https:\/\/brinovalighting.com\/wp-content\/uploads\/2025\/09\/BRINOVA_LOGO_2025-scaled.png","contentUrl":"https:\/\/brinovalighting.com\/wp-content\/uploads\/2025\/09\/BRINOVA_LOGO_2025-scaled.png","width":2560,"height":544,"caption":"Brinova"},"image":{"@id":"https:\/\/brinovalighting.com\/de\/#\/schema\/logo\/image\/"}}]}},"_links":{"self":[{"href":"https:\/\/brinovalighting.com\/de\/wp-json\/wp\/v2\/pages\/7265","targetHints":{"allow":["GET"]}}],"collection":[{"href":"https:\/\/brinovalighting.com\/de\/wp-json\/wp\/v2\/pages"}],"about":[{"href":"https:\/\/brinovalighting.com\/de\/wp-json\/wp\/v2\/types\/page"}],"author":[{"embeddable":true,"href":"https:\/\/brinovalighting.com\/de\/wp-json\/wp\/v2\/users\/1"}],"replies":[{"embeddable":true,"href":"https:\/\/brinovalighting.com\/de\/wp-json\/wp\/v2\/comments?post=7265"}],"version-history":[{"count":7,"href":"https:\/\/brinovalighting.com\/de\/wp-json\/wp\/v2\/pages\/7265\/revisions"}],"predecessor-version":[{"id":7329,"href":"https:\/\/brinovalighting.com\/de\/wp-json\/wp\/v2\/pages\/7265\/revisions\/7329"}],"wp:attachment":[{"href":"https:\/\/brinovalighting.com\/de\/wp-json\/wp\/v2\/media?parent=7265"}],"curies":[{"name":"wp","href":"https:\/\/api.w.org\/{rel}","templated":true}]}}